{"id":3,"date":"2021-11-28T21:38:44","date_gmt":"2021-11-28T21:38:44","guid":{"rendered":"http:\/\/puntopallet.com\/?page_id=3"},"modified":"2025-07-13T17:41:22","modified_gmt":"2025-07-13T17:41:22","slug":"informativa-sulla-privacy","status":"publish","type":"page","link":"https:\/\/puntopallet.com\/en\/informativa-sulla-privacy","title":{"rendered":"Informativa sulla Privacy"},"content":{"rendered":"<div class=\"entry-content clearfix\">\n<h4 class=\"title\">INFORMATIVA SUL TRATTAMENTO DEI DATI PERSONALI DEI CLIENTI<\/h4>\n<p>Con la presente informativa sul trattamento dei dati personali, resa ai sensi dell\u2019art. 13 del Regolamento (UE) 2016\/679 (c.d. \u201c<b>GDPR<\/b>\u201c), l\u2019azienda WorkInDigital con sede legale in Settala (MI), Via Galimberti n.6, P.IVA 01695350197 (\u201c<b>PuntoPallet.com<\/b>\u201c), in qualit\u00e0 di Titolare del trattamento, intende illustrarLe le finalit\u00e0 e le modalit\u00e0 con cui PuntoPallet.com raccoglie e tratta i suoi dati personali, quali categorie di dati sono oggetto di trattamento, quali sono i diritti che Le vengono riconosciuti in qualit\u00e0 di interessato al trattamento e come possono essere esercitati.<\/p>\n<p>L\u2019informativa \u00e8 resa esclusivamente per il presente sito web (\u201c<b>Sito<\/b>\u201c), pertanto PuntoPallet.com non si assume alcuna responsabilit\u00e0 in merito agli altri siti web eventualmente consultati tramite collegamenti ipertestuali presenti sul Sito.<\/p>\n<p>Gli Utenti, utilizzando il presente Sito, accettano la presente informativa e sono, pertanto, invitati a prenderne visione prima di fornire informazioni personali di qualsiasi genere.<\/p>\n<h2>1. Titolare del trattamento<\/h2>\n<p>PuntoPallet.com \u00e8 il Titolare del trattamento dei dati personali raccolti attraverso la piattaforma.<\/p>\n<p>Per determinate operazioni di trattamento, PuntoPallet.com si avvale di dipendenti, agenti o collaboratori, i quali sono incaricati a svolgere operazioni di trattamento sotto l\u2019autorit\u00e0 del Titolare, nonch\u00e9 di societ\u00e0 partner o studi professionali che prestano attivit\u00e0 di assistenza e consulenza in materia contabile, amministrativa, legale, tributaria e finanziaria dislocati sul territorio dell\u2019Unione Europea, i quali sono debitamente nominati responsabili del trattamento ai sensi dell\u2019art. 28 del GDPR.<\/p>\n<p>L\u2019elenco aggiornato dei responsabili del trattamento, nonch\u00e9 dei soggetti che svolgono operazioni di trattamento sotto l\u2019autorit\u00e0 del Titolare, \u00e8 custodito presso la sede del Titolare medesimo.<\/p>\n<p>L\u2019elenco aggiornato dei responsabili e degli incaricati al trattamento \u00e8 custodito presso la sede del Titolare del trattamento.<\/p>\n<h2>2. Categorie di dati personali<\/h2>\n<p>PuntoPallet.com tratter\u00e0 suoi dati personali raccolti in occasione della conclusione del contratto e nel corso del rapporto contrattuale (\u201c<b>Dati<\/b>\u201c). A titolo esemplificativo, il Titolare acquisir\u00e0 le seguenti tipologie di dati personali:<\/p>\n<p>1) dati anagrafici, quali nome e cognome, luogo e data di nascita, indirizzo di residenza;<br \/>\n2) dati di contatto, quali l\u2019indirizzo di spedizione, il numero di telefono e l\u2019indirizzo di posta elettronica;<br \/>\n3) dati bancari (es. IBAN), se forniti per un eventuale rimborso;<br \/>\n4) dati di navigazione, quali indirizzo IP, orario di accesso al sito e\/o di registrazione alla piattaforma, eventuale referer di iscrizione, metodi di accesso al server, codice numerico indicante lo stato della risposta data dal server (buon fine, errore, ecc.);<br \/>\n5) dati relativi agli acquisti, quali il valore medio d\u2019acquisto, la tipologia di prodotto acquistato, la frequenza d\u2019acquisto, l\u2019importo totale acquistato nel tempo e il numero totale di ordini effettuati.<\/p>\n<p>Attraverso il Sito, il Titolare non acquisir\u00e0 dati di natura sensibile o comunque appartenenti alle categorie particolari di cui all\u2019art. 9 del GDPR o dati relativi a condanne penali o reati.<\/p>\n<p>I suoi Dati saranno trattati da PuntoPallet.com esclusivamente per le finalit\u00e0 e nei limiti indicati al paragrafo successivo.<\/p>\n<h2>3. Finalit\u00e0 e base giuridica del Trattamento<\/h2>\n<p>PuntoPallet.com utilizzer\u00e0 i suoi Dati per le seguenti finalit\u00e0:<\/p>\n<p><b>a) per l\u2019esecuzione del contratto<\/b><br \/>\nI Dati indicati al paragrafo 2, nn. 1-4, saranno trattati da PuntoPallet.com per consentirle la registrazione al Sito e la fruizione dei servizi ad esso specificatamente connessi. A titolo esemplificativo, i suoi Dati saranno trattati per la gestione degli ordini d\u2019acquisto, per manutenzione e assistenza tecnica, nonch\u00e9 al fine di migliorare la qualit\u00e0 dei servizi offerti. I Dati saranno quindi trattati per l\u2019esecuzione del contratto in essere con il Titolare.<\/p>\n<p>Il conferimento dei Dati \u00e8 necessario per consentire l\u2019instaurazione e la gestione del rapporto contrattuale; in difetto non ci sar\u00e0 possibile dare esecuzione al contratto ed erogarle il servizio richiesto.<\/p>\n<p><b>b) per finalit\u00e0 di marketing<\/b><br \/>\n<b><u>Vendita diretta<\/u><\/b>. Previo suo specifico consenso, PuntoPallet.com potr\u00e0 trattare i suoi Dati per l\u2019invio di materiale pubblicitario o di comunicazioni commerciali relative ad eventuali promozioni oppure per ricerche di mercato. L\u2019invio di tali comunicazioni potr\u00e0 avvenire tramite l\u2019utilizzo di sistemi automatizzati (es. e-mail, SMS, notifiche push) e di sistemi tradizionali (es, posta cartacea).<\/p>\n<p>Per tale finalit\u00e0 di trattamento saranno utilizzati i Dati di cui al paragrafo 2, nn. 1 e 2.<\/p>\n<p>Il consenso prestato \u00e8 revocabile in ogni momento, anche con riferimento ai soli sistemi di contatto automatizzati, scrivendo a info@PuntoPallet.com<\/p>\n<p><b><u>Newsletter<\/u><\/b>. I Dati indicati al paragrafo 2, n. 2, forniti in sede di iscrizione alla newsletter verranno utilizzati da PuntoPallet.com al solo fine erogare il servizio di newsletter richiesto. I Dati saranno quindi trattati per l\u2019erogazione del servizio richiesto al Titolare. Lei potr\u00e0 in qualsiasi momento chiedere di cancellare la Sua iscrizione alla newsletter seguendo le istruzioni di volta in volta indicate in ogni comunicazione effettuata per le finalit\u00e0 di cui al presente punto.<\/p>\n<p><b><u>Soft spam<\/u><\/b>. I Dati di cui al paragrafo 2, n. 2, acquisiti nel contesto della vendita dei prodotti di PuntoPallet.com attraverso la piattaforma potranno essere utilizzati per l\u2019invio di comunicazioni commerciali relative a prodotti analoghi a quelli oggetto della vendita. Tale trattamento non richiede il Suo espresso consenso ai sensi dell\u2019art. 130 del d.lgs. 30 giugno 2003, n. 196. Lei potr\u00e0 comunque opporsi in qualsiasi momento a tale trattamento seguendo le istruzioni di volta in volta indicate in ogni comunicazione effettuata per le finalit\u00e0 di cui al presente punto.<\/p>\n<p><b>c) per finalit\u00e0 di profilazione<\/b><br \/>\nPuntoPallet.com potr\u00e0 trattare i Suoi Dati per comprendere le Sue abitudini e preferenze d\u2019acquisto in relazione ai prodotti e servizi offerti tramite la piattaforma al fine di offrirle prodotti e servizi in linea con il Suo profilo.<\/p>\n<p>Per il perseguimento di tale finalit\u00e0, PuntoPallet.com potr\u00e0 trattare i Dati di cui al paragrafo 2, nn. 1-2 e 5.<\/p>\n<p>Tali Dati saranno trattati da PuntoPallet.com sulla base del proprio legittimo interesse alla ottimizzazione delle proprie procedure d\u2019acquisto, attraverso l\u2019offerta di prodotti e servizi pi\u00f9 funzionali ed utili alle specifiche esigenze dei clienti. Il legittimo interesse di PuntoPallet.com \u00e8 stato opportunamente bilanciato con i Suoi interessi e aspettative in sede di valutazione d\u2019impatto sulla protezione dei dati (disponibile <strong>cliccando qu\u00ec<\/strong>), ove sono state previste determinate misure tecniche e giuridiche al fine di ridurre al minimo l\u2019impatto della profilazione svolta da PuntoPallet.com sulla Sua sfera giuridica.<\/p>\n<p><b>Le ricordiamo che, ai sensi dell\u2019art. 21 del GDPR, Lei potr\u00e0 opporsi in qualsiasi momento a tale trattamento, per motivi connessi alla Sua situazione particolare, scrivendo a info@PuntoPallet.com<\/b><\/p>\n<p><b>d) per la comunicazione dei suoi dati a terzi a fini di marketing<\/b><br \/>\nQualora previsto sul Sito e previo Suo specifico consenso, PuntoPallet.com potr\u00e0 comunicare i Suoi Dati a terzi che potranno trattarli per l\u2019invio di proprie comunicazioni commerciali anche tramite SMS\/MMS\/VMS,notifiche push e\/o e-mail.<\/p>\n<p>Le categorie di destinatari cui PuntoPallet.com potr\u00e0 comunicare i Suoi Dati comprendono soggetti che operano a titolo esemplificativo nei settori commerciali indicati di seguito:<\/p>\n<p>\u2013 Abbigliamento, moda, accessori, calzature, ottica, bigiotteria, gioielleria, orologi;<br \/>\n\u2013 Lenti e prodotti per la cura degli occhi;<br \/>\n\u2013 Intimo costumi e accessori;<br \/>\n\u2013 Turismo, Aeroporti, voli, sconti su biglietti, convenzioni, viaggi, hotel, itinerari, ristoranti, resort, agriturismo, autolinee, bed&amp;breakfast, ostelli;<br \/>\n\u2013 Pelletteria borse e valige;<br \/>\n\u2013 Organizzazione eventi, nozze, party, concerti;<br \/>\n\u2013 Bambini e prima infanzia, beni e servizi, giocattoli, articoli e servizi per gestanti e neomamme;<br \/>\n\u2013 Istruzione, cultura;<br \/>\n\u2013 Annunci immobiliari, compravendita, affitti, mutui;<br \/>\n\u2013 Servizi per la casa, ristrutturazioni, decoro, mobili, porte, serramenti e blindature di sicurezza, antintrusione e casseforti, guardie private e security;<br \/>\n\u2013 Servizi per la persona (investigazioni, incontri e socialit\u00e0, ritrovi, salute e benessere, erboristerie e profumerie, servizi alberghieri assistiti, consulenza legale e contabile;<br \/>\n\u2013 Cultura e corsi di formazione, corsi di specializzazione, master, recupero scolastico, assistenza alla preparazione universitaria, scambi culturali;<br \/>\n\u2013 Prodotti finanziari, bancari, previdenziali, prestiti e consolidamento debiti, investimenti, home banking, piattaforme d\u2019investimento;<br \/>\n\u2013 Ausili per la persona: materassi, poltrone, sollevatori e ascensori, vasche ergonomiche, dispositivi vari anche elettronici;<br \/>\n\u2013 Servizi per l\u2019impresa (recupero crediti, informazioni commerciali, pubblicit\u00e0 e marketing, traduzioni, interpreti, traslochi);<br \/>\n\u2013 Ricerca e selezione di personale, offerte di lavoro, stage, tirocini;<br \/>\n\u2013 Prevenzione e dispositivi di sicurezza;<br \/>\n\u2013 Prodotti alimentari, biologici, agricoltura a KM zero;<br \/>\n\u2013 Bevande e soft drinks, vini e liquori;<br \/>\n\u2013 Energy drink e integratori alimentari (corretta alimentazione e fitness);<br \/>\n\u2013 Prodotti per la cura del corpo, hair stylist, make-up, nail-art, beauty center ed estetica, trattamenti, cromoterapia, solarium, palestra, trattamenti termali, articoli sportivi;<br \/>\n\u2013 Servizi medici specialistici, dentisti, sbiancamento denti, infoltitura capelli, trattamento della pelle e simili;<br \/>\n\u2013 Tatuaggi, piercing e microderma;<br \/>\n\u2013 Prodotti per la sanificazione, il monitoraggio degli inquinanti, filtri e purificatori;<br \/>\n\u2013 Climatizzazione e gestione dell\u2019ambiente di vita;<br \/>\n\u2013 Orto e giardinaggio, floricoltura e pollice verde;<br \/>\n\u2013 Bricolage e fai date;<br \/>\n\u2013 Depositi temporanei, storage e simili;<br \/>\n\u2013 Servizi per animali da compagnia, prodotti alimentari, cura, pet care, alloggio e trattamenti;<br \/>\n\u2013 Impianti elettrici, antifurto, telefonici, dati, satellitare, digitale e simili;<br \/>\n\u2013 Divertimento e svago, videogiochi, console, console portatili ed informatica;<br \/>\n\u2013 Intrattenimento multimediale;<br \/>\n\u2013 Abbonamenti a canali a pagamento, pay per view, pay tv, on demand, ecc.;<br \/>\n\u2013 Canali tematici per bambini o per categorie di interesse, contenuti multimediali, CD, DVD, Bluray, Streaming e download;<br \/>\n\u2013 Canali tematici musicali, hobbistici, cucina, tecnici, culturali, ecc;<br \/>\n\u2013 Cinema e teatri, cabaret e spettacoli dal vivo, concerti, sale prova, registrazione, incisione, attrezzature varie, postproduzione, montaggio mixaggio;<br \/>\n\u2013 Sport, canali dedicati, riviste specializzate, abbonamenti, scontistica, abbigliamento, accessori, palestre, centri sportivi, manifestazioni e gare;<br \/>\n\u2013 Tecnologia, computer, tabelt, fotocamere, telefonia, TV e HiFi;<br \/>\n\u2013 Elettrodomestici, arredocasa, biancheria, decoro artistico;<br \/>\n\u2013 Progettazione d\u2019interni, arredamento e interior design;<br \/>\n\u2013 Utilities e commodities: tariffe e gestori di energia e servizi;<br \/>\n\u2013 Connessione dati, ADSL, fibra, telefonia fissa, satellitare, nuove tecnologie di connettivit\u00e0, internet provider, servizi internet, web design, social network e servizi basati su Internet;<br \/>\n\u2013 Sviluppo pagine web, siti, applicazioni per computer e dispositivi mobili;<br \/>\n\u2013 Telefonia mobile, operatori telefonici, tariffe e promozioni, servizi e iniziative;<br \/>\n\u2013 Associazioni, gruppi, ritrovi, volontariato, impegno sociale;<br \/>\n\u2013 Stampa ed editoria elettronica, ebook, quotidiani, periodici, fumetti, opere d\u2019arte e riproduzioni, collezioni e francobolli;<br \/>\n\u2013 Assicurazioni per la casa, l\u2019auto, la persona, i viaggi, tariffe agevolate, sconti e promozioni;<br \/>\n\u2013 Autoscuole, recupero punti, pratiche auto, patenti speciali, rinnovo patenti;<br \/>\n\u2013 Automotive, tuning, pratiche auto, compravendita, noleggio, ricambi, manutenzione e servizi per il mondo dell\u2019automobile e delle moto;<br \/>\n\u2013 Raduni, gare, eventi sportivi del mondo dei motori;<br \/>\n\u2013 Ciclismo, attrezzature, eventi, servizi, ricambi e simili;<br \/>\n\u2013 Mare, lago e fiume: prodotti e servizi per la navigazione, la pesca, il turismo e il tempo libero, gli sport acquatici;<br \/>\n\u2013 Passatempi scherzosi basati su oroscopi, astrologia, magia, cartomanzia, tarocchi, previsioni su risultati sportivi e scommesse;<br \/>\n\u2013 Concorsi e lotterie, giochi a premi e operazioni a premio.<\/p>\n<p>I soggetti o le categorie di soggetti ai quali i Suoi dati personali saranno comunicati da parte di PuntoPallet.com tratteranno tali dati in qualit\u00e0 di titolari autonomi del trattamento secondo le previsioni delle rispettive informative privacy.<\/p>\n<p>Per tale finalit\u00e0 di trattamento saranno utilizzati i dati di cui al paragrafo 1, nn. 1 e 2.<\/p>\n<p>Il consenso prestato \u00e8 revocabile in ogni momento scrivendo a info@PuntoPallet.com<\/p>\n<h2>4. Periodo di conservazione dei dati e durata dei trattamenti<\/h2>\n<p>I Suoi Dati personali saranno conservati prevalentemente presso server della IONOS SE e di Google Cloud dislocati nell\u2019Unione Europea.<\/p>\n<p>I suoi Dati saranno oggetto di conservazione per tutta la durata del rapporto contrattuale con PuntoPallet.com. In seguito alla cessazione del rapporto, i Dati saranno conservati per un periodo di 10 anni esclusivamente per esigenze di tutela dei diritti del Titolare e per l\u2019adempimento di obblighi di legge.<\/p>\n<p>Con riferimento ai trattamenti per fini di marketing indicati al paragrafo 2, lett. b), la informiamo che i Dati saranno trattati per tutta la durata del contratto salvo eventuale revoca del consenso da Lei prestato o esercizio del Suo diritto di opposizione al trattamento.<\/p>\n<p>Con riferimento ai dati trattati per finalit\u00e0 di profilazione, La informiamo che i Dati saranno trattati per un periodo massimo di 12 mesi o per il diverso periodo che dovesse essere disposto dalla legge o da provvedimenti dell\u2019Autorit\u00e0 garante, salvo eventuale esercizio del Suo diritto di opposizione al trattamento. Decorso tale periodo o in caso di opposizione, i dati saranno conservati se necessari per perseguire altre finalit\u00e0 o saranno definitivamente cancellati.<\/p>\n<p>Con riferimento alla comunicazione dei dati a terzi per fini di marketing, La informiamo che i dati potranno essere oggetto di comunicazione fino alla eventuale revoca del Suo consenso.<\/p>\n<h2>5. Difesa in giudizio<\/h2>\n<p>I Suoi Dati possono essere utilizzati per la difesa da parte di PuntoPallet.com in giudizio o nelle fasi propedeutiche alla sua eventuale instaurazione.<\/p>\n<h2>6. Dati carte di credito<\/h2>\n<p>I dati relativi alla Sua carta di credito non verranno trattati da PuntoPallet.com in quanto trattati e\/o conservati direttamente dal circuito bancario. PuntoPallet.com usa i servizi di pagamento professionali Stripe, che assicurano al consumatore la massima protezione e riservatezza.<\/p>\n<h2>7. Cookie<\/h2>\n<p>Per rendere la navigazione pi\u00f9 facile ed intuitiva, PuntoPallet.com utilizza la tecnologia cookie. Maggiori informazioni sui cookies sono disponibili <span style=\"color: #ff0000;\"><strong>cliccando qui<\/strong><\/span>.<\/p>\n<h2>8. Diritti degli Utenti<\/h2>\n<p>La informiamo che, in conformit\u00e0 alla vigente disciplina, ha i seguenti diritti:<br \/>\n\u2013 chiedere e ottenere informazioni circa l\u2019esistenza di propri dati nella disponibilit\u00e0 di PuntoPallet.com e accesso a tali dati;<br \/>\n\u2013 per i dati oggetto di trattamento con sistemi automatizzati, chiedere il trasferimento ad altro titolare;<br \/>\n\u2013 chiedere e ottenere la modifica e\/o correzione dei suoi dati personali se ritiene che siano inaccurati o incompleti;<br \/>\n\u2013 chiedere e ottenere la cancellazione \u2013 e\/o la limitazione del trattamento \u2013 dei suoi dati personali qualora si tratti di dati o informazioni non necessari \u2013 o non pi\u00f9 necessari \u2013 per le finalit\u00e0 che precedono, quindi decorso il periodo di conservazione indicato al paragrafo che precede.<\/p>\n<p>Tali richieste potranno essere trasmesse al Titolare scrivendo a info@PuntoPallet.com o tramite raccomandata A\/R indirizzata a WorkInDigital, via Galimberti n. 6, 20090 \u2013 Settala (MI).<\/p>\n<p>La informiamo inoltre che ai sensi della disciplina vigente pu\u00f2 proporre eventuali reclami riguardanti i trattamenti di suoi dati personali al Garante per la protezione dei dati personali.<\/p>\n<p><b>Infine, l\u2019Utente ha diritto di cancellare in autonomia il proprio account e le informazioni personali ad esso riferite. Per cancellare il proprio account l\u2019Utente pu\u00f2 cliccare sull\u2019apposito link di cancellazione in Il mio account &gt; Modifica dati &gt; \u2018Per disattivare il tuo account clicca qui.\u2019 <\/b><\/p>\n<h2>9. Modifiche<\/h2>\n<p>PuntoPallet.com si riserva la facolt\u00e0 di modificare o semplicemente aggiornare il contenuto della presente Informativa Privacy, in tutto o in parte. PuntoPallet.com La informer\u00e0 di tali variazioni non appena verranno introdotte.<\/p>\n<\/div>","protected":false},"excerpt":{"rendered":"<p>INFORMATIVA SUL TRATTAMENTO DEI DATI PERSONALI DEI CLIENTI Con la presente informativa sul trattamento dei dati personali, resa ai sensi dell\u2019art. 13 del Regolamento (UE) 2016\/679 (c.d. \u201cGDPR\u201c), l\u2019azienda WorkInDigital con sede legale in Settala (MI), Via Galimberti n.6, P.IVA 01695350197 (\u201cPuntoPallet.com\u201c), in qualit\u00e0 di Titolare del trattamento, intende illustrarLe le finalit\u00e0 e le modalit\u00e0 [&hellip;]<\/p>\n","protected":false},"author":1,"featured_media":0,"parent":0,"menu_order":0,"comment_status":"closed","ping_status":"closed","template":"","meta":{"_exactmetrics_skip_tracking":false,"_exactmetrics_sitenote_active":false,"_exactmetrics_sitenote_note":"","_exactmetrics_sitenote_category":0,"_uf_show_specific_survey":0,"_uf_disable_surveys":false,"footnotes":""},"class_list":["post-3","page","type-page","status-publish","hentry"],"blocksy_meta":[],"yoast_head":"<!-- This site is optimized with the Yoast SEO plugin v27.2 - https:\/\/yoast.com\/product\/yoast-seo-wordpress\/ -->\n<title>Informativa sulla Privacy - PuntoPallet<\/title>\n<meta name=\"robots\" content=\"index, follow, max-snippet:-1, max-image-preview:large, max-video-preview:-1\" \/>\n<link rel=\"canonical\" href=\"https:\/\/puntopallet.com\/en\/informativa-sulla-privacy\/\" \/>\n<meta property=\"og:locale\" content=\"en_GB\" \/>\n<meta property=\"og:type\" content=\"article\" \/>\n<meta property=\"og:title\" content=\"Informativa sulla Privacy - PuntoPallet\" \/>\n<meta property=\"og:description\" content=\"INFORMATIVA SUL TRATTAMENTO DEI DATI PERSONALI DEI CLIENTI Con la presente informativa sul trattamento dei dati personali, resa ai sensi dell\u2019art. 13 del Regolamento (UE) 2016\/679 (c.d. \u201cGDPR\u201c), l\u2019azienda WorkInDigital con sede legale in Settala (MI), Via Galimberti n.6, P.IVA 01695350197 (\u201cPuntoPallet.com\u201c), in qualit\u00e0 di Titolare del trattamento, intende illustrarLe le finalit\u00e0 e le modalit\u00e0 [&hellip;]\" \/>\n<meta property=\"og:url\" content=\"https:\/\/puntopallet.com\/en\/informativa-sulla-privacy\/\" \/>\n<meta property=\"og:site_name\" content=\"PuntoPallet\" \/>\n<meta property=\"article:modified_time\" content=\"2025-07-13T17:41:22+00:00\" \/>\n<meta name=\"twitter:card\" content=\"summary_large_image\" \/>\n<meta name=\"twitter:label1\" content=\"Estimated reading time\" \/>\n\t<meta name=\"twitter:data1\" content=\"12 minutes\" \/>\n<script type=\"application\/ld+json\" class=\"yoast-schema-graph\">{\"@context\":\"https:\/\/schema.org\",\"@graph\":[{\"@type\":\"WebPage\",\"@id\":\"https:\/\/puntopallet.com\/informativa-sulla-privacy\",\"url\":\"https:\/\/puntopallet.com\/informativa-sulla-privacy\",\"name\":\"Informativa sulla Privacy - PuntoPallet\",\"isPartOf\":{\"@id\":\"https:\/\/puntopallet.com\/#website\"},\"datePublished\":\"2021-11-28T21:38:44+00:00\",\"dateModified\":\"2025-07-13T17:41:22+00:00\",\"breadcrumb\":{\"@id\":\"https:\/\/puntopallet.com\/informativa-sulla-privacy#breadcrumb\"},\"inLanguage\":\"en-GB\",\"potentialAction\":[{\"@type\":\"ReadAction\",\"target\":[\"https:\/\/puntopallet.com\/informativa-sulla-privacy\"]}]},{\"@type\":\"BreadcrumbList\",\"@id\":\"https:\/\/puntopallet.com\/informativa-sulla-privacy#breadcrumb\",\"itemListElement\":[{\"@type\":\"ListItem\",\"position\":1,\"name\":\"Home\",\"item\":\"https:\/\/puntopallet.com\/\"},{\"@type\":\"ListItem\",\"position\":2,\"name\":\"Informativa sulla Privacy\"}]},{\"@type\":\"WebSite\",\"@id\":\"https:\/\/puntopallet.com\/#website\",\"url\":\"https:\/\/puntopallet.com\/\",\"name\":\"PuntoPallet\",\"description\":\"Compra Vendita Bancali Nuovi ed Usati\",\"publisher\":{\"@id\":\"https:\/\/puntopallet.com\/#organization\"},\"potentialAction\":[{\"@type\":\"SearchAction\",\"target\":{\"@type\":\"EntryPoint\",\"urlTemplate\":\"https:\/\/puntopallet.com\/?s={search_term_string}\"},\"query-input\":{\"@type\":\"PropertyValueSpecification\",\"valueRequired\":true,\"valueName\":\"search_term_string\"}}],\"inLanguage\":\"en-GB\"},{\"@type\":\"Organization\",\"@id\":\"https:\/\/puntopallet.com\/#organization\",\"name\":\"PuntoPallet\",\"url\":\"https:\/\/puntopallet.com\/\",\"logo\":{\"@type\":\"ImageObject\",\"inLanguage\":\"en-GB\",\"@id\":\"https:\/\/puntopallet.com\/#\/schema\/logo\/image\/\",\"url\":\"https:\/\/puntopallet.com\/wp-content\/uploads\/2021\/12\/puntopallet.png\",\"contentUrl\":\"https:\/\/puntopallet.com\/wp-content\/uploads\/2021\/12\/puntopallet.png\",\"width\":290,\"height\":55,\"caption\":\"PuntoPallet\"},\"image\":{\"@id\":\"https:\/\/puntopallet.com\/#\/schema\/logo\/image\/\"}}]}<\/script>\n<!-- \/ Yoast SEO plugin. -->","yoast_head_json":{"title":"Informativa sulla Privacy - PuntoPallet","robots":{"index":"index","follow":"follow","max-snippet":"max-snippet:-1","max-image-preview":"max-image-preview:large","max-video-preview":"max-video-preview:-1"},"canonical":"https:\/\/puntopallet.com\/en\/informativa-sulla-privacy\/","og_locale":"en_GB","og_type":"article","og_title":"Informativa sulla Privacy - PuntoPallet","og_description":"INFORMATIVA SUL TRATTAMENTO DEI DATI PERSONALI DEI CLIENTI Con la presente informativa sul trattamento dei dati personali, resa ai sensi dell\u2019art. 13 del Regolamento (UE) 2016\/679 (c.d. \u201cGDPR\u201c), l\u2019azienda WorkInDigital con sede legale in Settala (MI), Via Galimberti n.6, P.IVA 01695350197 (\u201cPuntoPallet.com\u201c), in qualit\u00e0 di Titolare del trattamento, intende illustrarLe le finalit\u00e0 e le modalit\u00e0 [&hellip;]","og_url":"https:\/\/puntopallet.com\/en\/informativa-sulla-privacy\/","og_site_name":"PuntoPallet","article_modified_time":"2025-07-13T17:41:22+00:00","twitter_card":"summary_large_image","twitter_misc":{"Estimated reading time":"12 minutes"},"schema":{"@context":"https:\/\/schema.org","@graph":[{"@type":"WebPage","@id":"https:\/\/puntopallet.com\/informativa-sulla-privacy","url":"https:\/\/puntopallet.com\/informativa-sulla-privacy","name":"Informativa sulla Privacy - PuntoPallet","isPartOf":{"@id":"https:\/\/puntopallet.com\/#website"},"datePublished":"2021-11-28T21:38:44+00:00","dateModified":"2025-07-13T17:41:22+00:00","breadcrumb":{"@id":"https:\/\/puntopallet.com\/informativa-sulla-privacy#breadcrumb"},"inLanguage":"en-GB","potentialAction":[{"@type":"ReadAction","target":["https:\/\/puntopallet.com\/informativa-sulla-privacy"]}]},{"@type":"BreadcrumbList","@id":"https:\/\/puntopallet.com\/informativa-sulla-privacy#breadcrumb","itemListElement":[{"@type":"ListItem","position":1,"name":"Home","item":"https:\/\/puntopallet.com\/"},{"@type":"ListItem","position":2,"name":"Informativa sulla Privacy"}]},{"@type":"WebSite","@id":"https:\/\/puntopallet.com\/#website","url":"https:\/\/puntopallet.com\/","name":"PuntoPallet","description":"Compra Vendita Bancali Nuovi ed Usati","publisher":{"@id":"https:\/\/puntopallet.com\/#organization"},"potentialAction":[{"@type":"SearchAction","target":{"@type":"EntryPoint","urlTemplate":"https:\/\/puntopallet.com\/?s={search_term_string}"},"query-input":{"@type":"PropertyValueSpecification","valueRequired":true,"valueName":"search_term_string"}}],"inLanguage":"en-GB"},{"@type":"Organization","@id":"https:\/\/puntopallet.com\/#organization","name":"PuntoPallet","url":"https:\/\/puntopallet.com\/","logo":{"@type":"ImageObject","inLanguage":"en-GB","@id":"https:\/\/puntopallet.com\/#\/schema\/logo\/image\/","url":"https:\/\/puntopallet.com\/wp-content\/uploads\/2021\/12\/puntopallet.png","contentUrl":"https:\/\/puntopallet.com\/wp-content\/uploads\/2021\/12\/puntopallet.png","width":290,"height":55,"caption":"PuntoPallet"},"image":{"@id":"https:\/\/puntopallet.com\/#\/schema\/logo\/image\/"}}]}},"_links":{"self":[{"href":"https:\/\/puntopallet.com\/en\/wp-json\/wp\/v2\/pages\/3","targetHints":{"allow":["GET"]}}],"collection":[{"href":"https:\/\/puntopallet.com\/en\/wp-json\/wp\/v2\/pages"}],"about":[{"href":"https:\/\/puntopallet.com\/en\/wp-json\/wp\/v2\/types\/page"}],"author":[{"embeddable":true,"href":"https:\/\/puntopallet.com\/en\/wp-json\/wp\/v2\/users\/1"}],"replies":[{"embeddable":true,"href":"https:\/\/puntopallet.com\/en\/wp-json\/wp\/v2\/comments?post=3"}],"version-history":[{"count":4,"href":"https:\/\/puntopallet.com\/en\/wp-json\/wp\/v2\/pages\/3\/revisions"}],"predecessor-version":[{"id":1342,"href":"https:\/\/puntopallet.com\/en\/wp-json\/wp\/v2\/pages\/3\/revisions\/1342"}],"wp:attachment":[{"href":"https:\/\/puntopallet.com\/en\/wp-json\/wp\/v2\/media?parent=3"}],"curies":[{"name":"wp","href":"https:\/\/api.w.org\/{rel}","templated":true}]}}